{"id":765,"date":"2023-08-25T09:35:04","date_gmt":"2023-08-25T07:35:04","guid":{"rendered":"https:\/\/anastasia-cusin-psychologue.fr\/?page_id=765"},"modified":"2023-09-28T13:02:23","modified_gmt":"2023-09-28T11:02:23","slug":"consulter","status":"publish","type":"page","link":"https:\/\/anastasia-cusin-psychologue.fr\/index.php\/consulter\/","title":{"rendered":"Pour qui, pour quoi ?"},"content":{"rendered":"\t\t<div data-elementor-type=\"wp-page\" data-elementor-id=\"765\" class=\"elementor elementor-765\">\n\t\t\t\t\t\t\t\t\t<section class=\"elementor-section elementor-top-section elementor-element elementor-element-6750af1 elementor-section-full_width elementor-section-height-min-height elementor-section-items-stretch elementor-section-height-default\" data-id=\"6750af1\" data-element_type=\"section\">\n\t\t\t\t\t\t<div class=\"elementor-container elementor-column-gap-no\">\n\t\t\t\t\t<div class=\"elementor-column elementor-col-100 elementor-top-column elementor-element elementor-element-a9f04a0\" data-id=\"a9f04a0\" data-element_type=\"column\" data-settings=\"{&quot;background_background&quot;:&quot;classic&quot;}\">\n\t\t\t<div class=\"elementor-widget-wrap elementor-element-populated\">\n\t\t\t\t\t<div class=\"elementor-background-overlay\"><\/div>\n\t\t\t\t\t\t\t\t\t<\/div>\n\t\t<\/div>\n\t\t\t\t\t\t\t<\/div>\n\t\t<\/section>\n\t\t\t\t<section class=\"elementor-section elementor-top-section elementor-element elementor-element-9e3bd4a elementor-section-boxed elementor-section-height-default elementor-section-height-default\" data-id=\"9e3bd4a\" data-element_type=\"section\">\n\t\t\t\t\t\t<div class=\"elementor-container elementor-column-gap-default\">\n\t\t\t\t\t<div class=\"elementor-column elementor-col-100 elementor-top-column elementor-element elementor-element-7b368b7\" data-id=\"7b368b7\" data-element_type=\"column\">\n\t\t\t<div class=\"elementor-widget-wrap elementor-element-populated\">\n\t\t\t\t\t\t\t\t<div class=\"elementor-element elementor-element-775bd14 elementor-widget elementor-widget-text-editor\" data-id=\"775bd14\" data-element_type=\"widget\" data-widget_type=\"text-editor.default\">\n\t\t\t\t<div class=\"elementor-widget-container\">\n\t\t\t<style>\/*! elementor - v3.17.0 - 01-11-2023 *\/\n.elementor-widget-text-editor.elementor-drop-cap-view-stacked .elementor-drop-cap{background-color:#69727d;color:#fff}.elementor-widget-text-editor.elementor-drop-cap-view-framed .elementor-drop-cap{color:#69727d;border:3px solid;background-color:transparent}.elementor-widget-text-editor:not(.elementor-drop-cap-view-default) .elementor-drop-cap{margin-top:8px}.elementor-widget-text-editor:not(.elementor-drop-cap-view-default) .elementor-drop-cap-letter{width:1em;height:1em}.elementor-widget-text-editor .elementor-drop-cap{float:left;text-align:center;line-height:1;font-size:50px}.elementor-widget-text-editor .elementor-drop-cap-letter{display:inline-block}<\/style>\t\t\t\t<h6 style=\"text-align: justify;\"><span style=\"color: #cc7d56;\">Pour qui, pour quoi ?<br \/><\/span><\/h6><p><span style=\"color: #000000;\">Au cours de l\u2019existence et au gr\u00e9 de ses bouleversements, le besoin <\/span><span style=\"color: #000000;\">d\u2019interroger nos modalit\u00e9s d\u2019\u00eatre au monde est fr\u00e9quente.<\/span><\/p><p style=\"text-align: justify;\"><span style=\"color: #000000;\">Consulter, c\u2019est peut-\u00eatre avant tout, trouver un lieu d\u2019adresse o\u00f9 <strong>exprimer ses ressentis.<\/strong><\/span><br \/><span style=\"color: #000000;\">Consulter c\u2019est peut-\u00eatre tenter d\u2019interroger :<\/span><br \/><em><span style=\"color: #000000;\">\u00ab En quoi suis-je pour quelque-chose dans ce qu\u2019il m\u2019arrive \u00bb\u00a0?<\/span><\/em><\/p><p style=\"text-align: justify;\"><span style=\"color: #000000;\">N\u2019importe qui peut ainsi entamer la d\u00e9marche d\u2019une nouvelle mani\u00e8re de <\/span><span style=\"color: #000000;\">prendre soin de soi dans un cadre qui y sera d\u00e9volu. <\/span><span style=\"color: #000000;\">Dans ce contexte, le r\u00f4le du psychologue est un peu comme celui d\u2019un miroir, l\u2019<strong>\u00e9coute attentive et <\/strong><\/span><span style=\"color: #000000;\"><strong>d\u00e9nu\u00e9e de jugement<\/strong> \u00e9tant n\u00e9cessaire pour \u00eatre soutenu dans l\u2019exp\u00e9rience <\/span><span style=\"color: #000000;\">faite de la parole.<\/span><\/p>\t\t\t\t\t\t<\/div>\n\t\t\t\t<\/div>\n\t\t\t\t\t<\/div>\n\t\t<\/div>\n\t\t\t\t\t\t\t<\/div>\n\t\t<\/section>\n\t\t\t\t<section class=\"elementor-section elementor-top-section elementor-element elementor-element-2a4cc58 elementor-section-boxed elementor-section-height-default elementor-section-height-default\" data-id=\"2a4cc58\" data-element_type=\"section\">\n\t\t\t\t\t\t<div class=\"elementor-container elementor-column-gap-default\">\n\t\t\t\t\t<div class=\"elementor-column elementor-col-100 elementor-top-column elementor-element elementor-element-5d152c0\" data-id=\"5d152c0\" data-element_type=\"column\">\n\t\t\t<div class=\"elementor-widget-wrap elementor-element-populated\">\n\t\t\t\t\t\t\t\t<div class=\"elementor-element elementor-element-b97ac51 elementor-widget elementor-widget-spacer\" data-id=\"b97ac51\" data-element_type=\"widget\" data-widget_type=\"spacer.default\">\n\t\t\t\t<div class=\"elementor-widget-container\">\n\t\t\t<style>\/*! elementor - v3.17.0 - 01-11-2023 *\/\n.elementor-column .elementor-spacer-inner{height:var(--spacer-size)}.e-con{--container-widget-width:100%}.e-con-inner>.elementor-widget-spacer,.e-con>.elementor-widget-spacer{width:var(--container-widget-width,var(--spacer-size));--align-self:var(--container-widget-align-self,initial);--flex-shrink:0}.e-con-inner>.elementor-widget-spacer>.elementor-widget-container,.e-con>.elementor-widget-spacer>.elementor-widget-container{height:100%;width:100%}.e-con-inner>.elementor-widget-spacer>.elementor-widget-container>.elementor-spacer,.e-con>.elementor-widget-spacer>.elementor-widget-container>.elementor-spacer{height:100%}.e-con-inner>.elementor-widget-spacer>.elementor-widget-container>.elementor-spacer>.elementor-spacer-inner,.e-con>.elementor-widget-spacer>.elementor-widget-container>.elementor-spacer>.elementor-spacer-inner{height:var(--container-widget-height,var(--spacer-size))}.e-con-inner>.elementor-widget-spacer.elementor-widget-empty,.e-con>.elementor-widget-spacer.elementor-widget-empty{position:relative;min-height:22px;min-width:22px}.e-con-inner>.elementor-widget-spacer.elementor-widget-empty .elementor-widget-empty-icon,.e-con>.elementor-widget-spacer.elementor-widget-empty .elementor-widget-empty-icon{position:absolute;top:0;bottom:0;left:0;right:0;margin:auto;padding:0;width:22px;height:22px}<\/style>\t\t<div class=\"elementor-spacer\">\n\t\t\t<div class=\"elementor-spacer-inner\"><\/div>\n\t\t<\/div>\n\t\t\t\t<\/div>\n\t\t\t\t<\/div>\n\t\t\t\t\t<\/div>\n\t\t<\/div>\n\t\t\t\t\t\t\t<\/div>\n\t\t<\/section>\n\t\t\t\t<section class=\"elementor-section elementor-top-section elementor-element elementor-element-50f3013 elementor-section-boxed elementor-section-height-default elementor-section-height-default\" data-id=\"50f3013\" data-element_type=\"section\">\n\t\t\t\t\t\t<div class=\"elementor-container elementor-column-gap-default\">\n\t\t\t\t\t<div class=\"elementor-column elementor-col-100 elementor-top-column elementor-element elementor-element-b6b5617\" data-id=\"b6b5617\" data-element_type=\"column\">\n\t\t\t<div class=\"elementor-widget-wrap elementor-element-populated\">\n\t\t\t\t\t\t\t\t<div class=\"elementor-element elementor-element-e75fc31 elementor-widget elementor-widget-text-editor\" data-id=\"e75fc31\" data-element_type=\"widget\" data-widget_type=\"text-editor.default\">\n\t\t\t\t<div class=\"elementor-widget-container\">\n\t\t\t\t\t\t\t<h5 style=\"text-align: center;\"><a href=\"https:\/\/anastasia-cusin-psychologue.fr\">RETOUR A L&#8217;ACCUEIL<\/a><\/h5>\t\t\t\t\t\t<\/div>\n\t\t\t\t<\/div>\n\t\t\t\t\t<\/div>\n\t\t<\/div>\n\t\t\t\t\t\t\t<\/div>\n\t\t<\/section>\n\t\t\t\t<section class=\"elementor-section elementor-top-section elementor-element elementor-element-c60d195 elementor-section-boxed elementor-section-height-default elementor-section-height-default\" data-id=\"c60d195\" data-element_type=\"section\">\n\t\t\t\t\t\t<div class=\"elementor-container elementor-column-gap-default\">\n\t\t\t\t\t<div class=\"elementor-column elementor-col-100 elementor-top-column elementor-element elementor-element-b4d7110\" data-id=\"b4d7110\" data-element_type=\"column\">\n\t\t\t<div class=\"elementor-widget-wrap\">\n\t\t\t\t\t\t\t\t\t<\/div>\n\t\t<\/div>\n\t\t\t\t\t\t\t<\/div>\n\t\t<\/section>\n\t\t\t\t\t\t\t<\/div>\n\t\t","protected":false},"excerpt":{"rendered":"<p>Pour qui, pour quoi ? Au cours de l\u2019existence et au gr\u00e9 de ses bouleversements, le besoin d\u2019interroger nos modalit\u00e9s d\u2019\u00eatre au monde est fr\u00e9quente. Consulter, c\u2019est peut-\u00eatre avant tout, trouver un lieu d\u2019adresse o\u00f9 exprimer ses ressentis.Consulter c\u2019est peut-\u00eatre tenter d\u2019interroger :\u00ab En quoi suis-je pour quelque-chose dans ce qu\u2019il m\u2019arrive \u00bb\u00a0? N\u2019importe qui &hellip;<\/p>\n<p class=\"read-more\"> <a class=\"\" href=\"https:\/\/anastasia-cusin-psychologue.fr\/index.php\/consulter\/\"> <span class=\"screen-reader-text\">Pour qui, pour quoi ?<\/span> Read More &raquo;<\/a><\/p>\n","protected":false},"author":1,"featured_media":0,"parent":0,"menu_order":0,"comment_status":"closed","ping_status":"closed","template":"","meta":{"site-sidebar-layout":"no-sidebar","site-content-layout":"page-builder","ast-site-content-layout":"","site-content-style":"default","site-sidebar-style":"default","ast-global-header-display":"","ast-banner-title-visibility":"","ast-main-header-display":"","ast-hfb-above-header-display":"","ast-hfb-below-header-display":"","ast-hfb-mobile-header-display":"","site-post-title":"disabled","ast-breadcrumbs-content":"","ast-featured-img":"disabled","footer-sml-layout":"","theme-transparent-header-meta":"enabled","adv-header-id-meta":"","stick-header-meta":"","header-above-stick-meta":"","header-main-stick-meta":"","header-below-stick-meta":"","astra-migrate-meta-layouts":"","footnotes":""},"class_list":["post-765","page","type-page","status-publish","hentry"],"_links":{"self":[{"href":"https:\/\/anastasia-cusin-psychologue.fr\/index.php\/wp-json\/wp\/v2\/pages\/765","targetHints":{"allow":["GET"]}}],"collection":[{"href":"https:\/\/anastasia-cusin-psychologue.fr\/index.php\/wp-json\/wp\/v2\/pages"}],"about":[{"href":"https:\/\/anastasia-cusin-psychologue.fr\/index.php\/wp-json\/wp\/v2\/types\/page"}],"author":[{"embeddable":true,"href":"https:\/\/anastasia-cusin-psychologue.fr\/index.php\/wp-json\/wp\/v2\/users\/1"}],"replies":[{"embeddable":true,"href":"https:\/\/anastasia-cusin-psychologue.fr\/index.php\/wp-json\/wp\/v2\/comments?post=765"}],"version-history":[{"count":73,"href":"https:\/\/anastasia-cusin-psychologue.fr\/index.php\/wp-json\/wp\/v2\/pages\/765\/revisions"}],"predecessor-version":[{"id":1007,"href":"https:\/\/anastasia-cusin-psychologue.fr\/index.php\/wp-json\/wp\/v2\/pages\/765\/revisions\/1007"}],"wp:attachment":[{"href":"https:\/\/anastasia-cusin-psychologue.fr\/index.php\/wp-json\/wp\/v2\/media?parent=765"}],"curies":[{"name":"wp","href":"https:\/\/api.w.org\/{rel}","templated":true}]}}